{"id":9543,"date":"2018-09-18T02:22:22","date_gmt":"2018-09-18T02:22:22","guid":{"rendered":"https:\/\/voltomprojects.com\/servicios\/"},"modified":"2022-01-10T10:27:15","modified_gmt":"2022-01-10T10:27:15","slug":"servicios","status":"publish","type":"page","link":"https:\/\/www.voltomprojects.com\/de\/servicios\/","title":{"rendered":"Dienstleistungen"},"content":{"rendered":"<div class=\"wpb-content-wrapper\"><p>[vc_section css=&#8220;.vc_custom_1527694031773{background-color: #fafafa !important;}&#8220;][vc_row css=&#8220;.vc_custom_1627831367629{background-image: url(https:\/\/voltomprojects.com\/wp-content\/uploads\/2021\/08\/servicios.jpg?id=8183) !important;background-position: center !important;background-repeat: no-repeat !important;background-size: cover !important;}&#8220;][vc_column]<div class=\"wpb_content_element \"><style type=\"text\/css\">#ut_header_6a04743a9d655 h2.section-title, #ut_header_6a04743a9d655 h2.section-title span { color:#ffffff; }#ut_header_6a04743a9d655 h2.section-title { font-size:60px !important;line-height:100px !important;letter-spacing:-0.05em; }#ut_header_6a04743a9d655 .lead { color:#ffffff; }#ut_header_6a04743a9d655 .lead p { color:#ffffff; }#ut_header_6a04743a9d655 .lead ins { color:#ffffff; }#ut_header_6a04743a9d655 .section-title ins { color:#ffffff; }#ut_header_6a04743a9d655.pt-style-2 .page-title span:after, #ut_header_6a04743a9d655.pt-style-2 .parallax-title span:after, #ut_header_6a04743a9d655.pt-style-2 .section-title span:after { background-color:#ffffff !important;}#ut_header_6a04743a9d655 h2.section-title { margin-bottom:10px; }<\/style><header id=\"ut_header_6a04743a9d655\" class=\"section-header  ut-no-title-linebreak-mobile ut-no-lead-linebreak-mobile pt-style-2 header-center header-tablet-center header-mobile-center element-with-custom-line-height\"><div class=\"element-with-custom-line-height\" ><h2 data-title=\"Dienstleistungen\"  data-responsive-font=\"section_title\" data-responsive-font-settings=\"{&quot;base-font-size&quot;:&quot;60&quot;,&quot;font-size-unit&quot;:&quot;px&quot;,&quot;font-size&quot;:{&quot;desktop_large&quot;:&quot;60&quot;},&quot;base-line-height&quot;:&quot;100&quot;,&quot;line-height-unit&quot;:&quot;px&quot;,&quot;line-height&quot;:{&quot;desktop_large&quot;:&quot;100&quot;},&quot;base-letter-spacing&quot;:&quot;global&quot;,&quot;letter-spacing&quot;:{&quot;desktop_large&quot;:&quot;-0.05&quot;}}\" class=\"section-title  \"><span>Dienstleistungen<\/span><\/h2><\/div><div data-delay=\"0\" class=\"lead \"><p>Voltom Projects, Ihr vertrauensw\u00fcrdiges Bauunternehmen<\/p>\n<\/div><\/header><\/div>[\/vc_column][\/vc_row][\/vc_section][vc_section][vc_row equal_height=&#8220;yes&#8220;][vc_column width=&#8220;1\/2&#8243;]<div  class=\"wpb_content_element   clearfix\"><style type=\"text\/css\">#ut_am_6a04743aa535a { opacity: 1; }#ut_am_wrap_6a04743aa535c .ut-image-gallery-item-caption-title h3 { letter-spacing: -0.01em; }#ut_am_wrap_6a04743aa535c .ut-gallery-slider-caption { font-weight: bold; }#ut_am_wrap_6a04743aa535c { text-align: left; }@media (min-width: 768px) and (max-width: 1024px) { #ut_am_wrap_6a04743aa535c { text-align: left !important; } }@media (max-width: 767px) { #ut_am_wrap_6a04743aa535c { text-align: center !important; } }<\/style><div id=\"ut_am_wrap_6a04743aa535c\" class=\"ut-image-gallery-image \"><div id=\"ut_reveal_6a04743aa535d\"  data-appear-top-offset=\"auto\" class=\"ut-animated-image-item ut-image-gallery-item ut-animation-done \"><a class=\"ut-deactivated-link\" href=\"#\"><div class=\"ut-animated-image-zoom\"><img loading=\"lazy\" decoding=\"async\" class=\"ut-lazy skip-lazy ut-animated-image \"  id=\"ut_am_6a04743aa535a\" src=\"data:image\/svg+xml;charset=utf-8,%3Csvg xmlns%3D'http%3A%2F%2Fwww.w3.org%2F2000%2Fsvg' viewBox%3D'0 0 900 600'%2F%3E\" data-src=\"https:\/\/www.voltomprojects.com\/wp-content\/uploads\/2021\/08\/Web-Servicios-1-Obra-Nueva_06A4995.jpg\" width=\"900\" height=\"600\" alt=\"\"\/><\/div><\/a><\/div><\/div><\/div>[\/vc_column][vc_column width=&#8220;1\/2&#8243;]<div class=\"wpb_content_element \"><style type=\"text\/css\">#ut_header_6a04743aa5a29 h2.section-title, #ut_header_6a04743aa5a29 h2.section-title span { color:rgb(0, 85, 135); }#ut_header_6a04743aa5a29 h2.section-title { font-size:34px !important;line-height:72px !important;letter-spacing:-0.05em; }#ut_header_6a04743aa5a29 .lead { color:rgb(0, 85, 135); }#ut_header_6a04743aa5a29 .lead p { color:rgb(0, 85, 135); }#ut_header_6a04743aa5a29 .lead ins { color:#005587; }#ut_header_6a04743aa5a29 .section-title ins { color:#005587; }#ut_header_6a04743aa5a29 .section-title ins { background:#005587; }#ut_header_6a04743aa5a29.pt-style-2 .page-title span:after, #ut_header_6a04743aa5a29.pt-style-2 .parallax-title span:after, #ut_header_6a04743aa5a29.pt-style-2 .section-title span:after { background-color:rgb(0, 85, 135) !important;}<\/style><header id=\"ut_header_6a04743aa5a29\" class=\"section-header  ut-no-title-linebreak-mobile ut-no-lead-linebreak-mobile pt-style-2 header-left header-tablet-left header-mobile-center element-with-custom-line-height\"><div class=\"element-with-custom-line-height\" ><h2 data-title=\"Konstruktion \/ neues Projekt\"  data-responsive-font=\"section_title\" data-responsive-font-settings=\"{&quot;base-font-size&quot;:&quot;34&quot;,&quot;font-size-unit&quot;:&quot;px&quot;,&quot;font-size&quot;:{&quot;desktop_large&quot;:&quot;34&quot;},&quot;base-line-height&quot;:&quot;global&quot;,&quot;line-height&quot;:{&quot;desktop_large&quot;:&quot;72&quot;},&quot;base-letter-spacing&quot;:&quot;global&quot;,&quot;letter-spacing&quot;:{&quot;desktop_large&quot;:&quot;-0.05&quot;}}\" class=\"section-title  \"><span>Konstruktion \/ neues Projekt<\/span><\/h2><\/div><\/header><\/div>[vc_column_text]<span style=\"font-weight: 400;\">Wir f\u00fchren Neubauprojekte durch, von der ersten Idee bis zur detaillierten Planung jedes einzelnen Raums, der Ausarbeitung von Basis- und Ausf\u00fchrungsprojekten sowie der Leitung und Kontrolle der Ausf\u00fchrung der Arbeiten.\u00a0<\/span><\/p>\n<p><span style=\"font-weight: 400;\">Wir arbeiten direkt mit dem Kunden zusammen. Wir geben Ihren Projekten Leben und garantieren, Ihre Bed\u00fcrfnisse bei jedem Schritt des Prozesses zu erf\u00fcllen.<\/span><\/p>\n<p><a style=\"font-weight: 900; font-size: 16px;\" href=\"https:\/\/voltomprojects.com\/de\/galeria\/obra-nueva\/\" target=\"_blank\" rel=\"noopener\">Besuchen sie unsere Neubau Galerie<\/a>[\/vc_column_text][\/vc_column][\/vc_row][\/vc_section][vc_section][vc_row equal_height=&#8220;yes&#8220;][vc_column width=&#8220;1\/2&#8243;]<div class=\"wpb_content_element \"><style type=\"text\/css\">#ut_header_6a04743aa6c54 h2.section-title, #ut_header_6a04743aa6c54 h2.section-title span { color:rgb(0, 85, 135); }#ut_header_6a04743aa6c54 h2.section-title { font-size:34px !important;line-height:72px !important;letter-spacing:-0.05em; }#ut_header_6a04743aa6c54 .lead { color:rgb(0, 85, 135); }#ut_header_6a04743aa6c54 .lead p { color:rgb(0, 85, 135); }#ut_header_6a04743aa6c54 .lead ins { color:#005587; }#ut_header_6a04743aa6c54 .section-title ins { color:#005587; }#ut_header_6a04743aa6c54 .section-title ins { background:#005587; }#ut_header_6a04743aa6c54.pt-style-2 .page-title span:after, #ut_header_6a04743aa6c54.pt-style-2 .parallax-title span:after, #ut_header_6a04743aa6c54.pt-style-2 .section-title span:after { background-color:rgb(0, 85, 135) !important;}<\/style><header id=\"ut_header_6a04743aa6c54\" class=\"section-header  ut-no-title-linebreak-mobile ut-no-lead-linebreak-mobile pt-style-2 header-left header-tablet-left header-mobile-center element-with-custom-line-height\"><div class=\"element-with-custom-line-height\" ><h2 data-title=\"Umfassende Renovierung\"  data-responsive-font=\"section_title\" data-responsive-font-settings=\"{&quot;base-font-size&quot;:&quot;34&quot;,&quot;font-size-unit&quot;:&quot;px&quot;,&quot;font-size&quot;:{&quot;desktop_large&quot;:&quot;34&quot;},&quot;base-line-height&quot;:&quot;global&quot;,&quot;line-height&quot;:{&quot;desktop_large&quot;:&quot;72&quot;},&quot;base-letter-spacing&quot;:&quot;global&quot;,&quot;letter-spacing&quot;:{&quot;desktop_large&quot;:&quot;-0.05&quot;}}\" class=\"section-title  \"><span>Umfassende Renovierung<\/span><\/h2><\/div><\/header><\/div>[vc_column_text]<span style=\"font-weight: 400;\">F\u00fcr jede Art von Umbau, bei dem Wert und Bedeutung auf Qualit\u00e4t, \u00c4sthetik und Harmonie der R\u00e4ume gelegt wird, bietet Voltom Projects die ideale L\u00f6sung f\u00fcr Ihren Umbau. Wir sind ein Team mit gro\u00dfer Erfahrung in Umbauten aller Art, insbesondere in Umbauten von Wohnungen, Umbauten von Einfamilienh\u00e4usern, Erweiterungen, Umbauten in Gesch\u00e4ftsr\u00e4umen, Wohnungen, Fassaden, K\u00fcchen, B\u00e4dern, jedem Bereich oder Raum.\u00a0\u00a0<\/span><\/p>\n<p><a style=\"font-weight: 900; font-size: 16px;\" href=\"https:\/\/voltomprojects.com\/de\/galeria\/reformas\/\" target=\"_blank\" rel=\"noopener\">Besuchen sie unsere Galerie von Umbau und Sanierungen<\/a>[\/vc_column_text][\/vc_column][vc_column width=&#8220;1\/2&#8243;]<div  class=\"wpb_content_element   clearfix\"><style type=\"text\/css\">#ut_am_6a04743aa819c { opacity: 1; }#ut_am_wrap_6a04743aa819d .ut-image-gallery-item-caption-title h3 { letter-spacing: -0.01em; }#ut_am_wrap_6a04743aa819d .ut-gallery-slider-caption { font-weight: bold; }#ut_am_wrap_6a04743aa819d { text-align: left; }@media (min-width: 768px) and (max-width: 1024px) { #ut_am_wrap_6a04743aa819d { text-align: left !important; } }@media (max-width: 767px) { #ut_am_wrap_6a04743aa819d { text-align: center !important; } }<\/style><div id=\"ut_am_wrap_6a04743aa819d\" class=\"ut-image-gallery-image \"><div id=\"ut_reveal_6a04743aa819e\"  data-appear-top-offset=\"auto\" class=\"ut-animated-image-item ut-image-gallery-item ut-animation-done \"><a class=\"ut-deactivated-link\" href=\"#\"><div class=\"ut-animated-image-zoom\"><img loading=\"lazy\" decoding=\"async\" class=\"ut-lazy skip-lazy ut-animated-image \"  id=\"ut_am_6a04743aa819c\" src=\"data:image\/svg+xml;charset=utf-8,%3Csvg xmlns%3D'http%3A%2F%2Fwww.w3.org%2F2000%2Fsvg' viewBox%3D'0 0 1047 600'%2F%3E\" data-src=\"https:\/\/www.voltomprojects.com\/wp-content\/uploads\/2021\/08\/Web-Servicios-2-Reforma-TINA-Rehabilitacion-apartamentos-Floridablanca-BCN-13.jpg\" width=\"1047\" height=\"600\" alt=\"\"\/><\/div><\/a><\/div><\/div><\/div>[\/vc_column][\/vc_row][\/vc_section][vc_section][vc_row equal_height=&#8220;yes&#8220;][vc_column width=&#8220;1\/2&#8243;]<div  class=\"wpb_content_element   clearfix\"><style type=\"text\/css\">#ut_am_6a04743aa8fa0 { opacity: 1; }#ut_am_wrap_6a04743aa8fa2 .ut-image-gallery-item-caption-title h3 { letter-spacing: -0.01em; }#ut_am_wrap_6a04743aa8fa2 .ut-gallery-slider-caption { font-weight: bold; }#ut_am_wrap_6a04743aa8fa2 { text-align: left; }@media (min-width: 768px) and (max-width: 1024px) { #ut_am_wrap_6a04743aa8fa2 { text-align: left !important; } }@media (max-width: 767px) { #ut_am_wrap_6a04743aa8fa2 { text-align: center !important; } }<\/style><div id=\"ut_am_wrap_6a04743aa8fa2\" class=\"ut-image-gallery-image \"><div id=\"ut_reveal_6a04743aa8fa3\"  data-appear-top-offset=\"auto\" class=\"ut-animated-image-item ut-image-gallery-item ut-animation-done \"><a class=\"ut-deactivated-link\" href=\"#\"><div class=\"ut-animated-image-zoom\"><img loading=\"lazy\" decoding=\"async\" class=\"ut-lazy skip-lazy ut-animated-image \"  id=\"ut_am_6a04743aa8fa0\" src=\"data:image\/svg+xml;charset=utf-8,%3Csvg xmlns%3D'http%3A%2F%2Fwww.w3.org%2F2000%2Fsvg' viewBox%3D'0 0 900 600'%2F%3E\" data-src=\"https:\/\/www.voltomprojects.com\/wp-content\/uploads\/2021\/10\/proyectos-voltom_.jpg\" width=\"900\" height=\"600\" alt=\"\"\/><\/div><\/a><\/div><\/div><\/div>[\/vc_column][vc_column width=&#8220;1\/2&#8243;]<div class=\"wpb_content_element \"><style type=\"text\/css\">#ut_header_6a04743aa968a h2.section-title, #ut_header_6a04743aa968a h2.section-title span { color:rgb(0, 85, 135); }#ut_header_6a04743aa968a h2.section-title { font-size:34px !important;line-height:72px !important;letter-spacing:-0.05em; }#ut_header_6a04743aa968a .lead { color:rgb(0, 85, 135); }#ut_header_6a04743aa968a .lead p { color:rgb(0, 85, 135); }#ut_header_6a04743aa968a .lead ins { color:#005587; }#ut_header_6a04743aa968a .section-title ins { color:#005587; }#ut_header_6a04743aa968a .section-title ins { background:#005587; }#ut_header_6a04743aa968a.pt-style-2 .page-title span:after, #ut_header_6a04743aa968a.pt-style-2 .parallax-title span:after, #ut_header_6a04743aa968a.pt-style-2 .section-title span:after { background-color:rgb(0, 85, 135) !important;}<\/style><header id=\"ut_header_6a04743aa968a\" class=\"section-header  ut-no-title-linebreak-mobile ut-no-lead-linebreak-mobile pt-style-2 header-left header-tablet-left header-mobile-center element-with-custom-line-height\"><div class=\"element-with-custom-line-height\" ><h2 data-title=\"Projekte\"  data-responsive-font=\"section_title\" data-responsive-font-settings=\"{&quot;base-font-size&quot;:&quot;34&quot;,&quot;font-size-unit&quot;:&quot;px&quot;,&quot;font-size&quot;:{&quot;desktop_large&quot;:&quot;34&quot;},&quot;base-line-height&quot;:&quot;global&quot;,&quot;line-height&quot;:{&quot;desktop_large&quot;:&quot;72&quot;},&quot;base-letter-spacing&quot;:&quot;global&quot;,&quot;letter-spacing&quot;:{&quot;desktop_large&quot;:&quot;-0.05&quot;}}\" class=\"section-title  \"><span>Projekte<\/span><\/h2><\/div><\/header><\/div>[vc_column_text]<span style=\"font-weight: 400;\">Das Projektmanagement liegt in unseren H\u00e4nden und wir \u00fcbernehmen die Verantwortung f\u00fcr die Verhandlungen und die Koordinierung aller m\u00f6glichen Vertr\u00e4ge, immer im Einklang mit den Erwartungen des Kunden und unter Einhaltung des Budgets und der veranschlagten Zeit.<\/span><\/p>\n<p><span style=\"font-weight: 400;\">Jede Phase des Projekts, die von uns kontrolliert und geleitet wird, garantiert die Qualit\u00e4t unserer Arbeit und unseres Service. Wir werden w\u00e4hrend des gesamten Prozesses an Ihrer Seite sein.\u00a0<\/span>[\/vc_column_text][vc_column_text]<a style=\"font-weight: 900; font-size: 16px;\" href=\"https:\/\/voltomprojects.com\/de\/galeria\/proyectos\/\" target=\"_blank\" rel=\"noopener\">Besuchen sie unsere Galerie von neuen Projekten<\/a>[\/vc_column_text][\/vc_column][\/vc_row][\/vc_section]<\/p>\n<\/div>","protected":false},"excerpt":{"rendered":"<p>[vc_section css=&#8220;.vc_custom_1527694031773{background-color: #fafafa !important;}&#8220;][vc_row css=&#8220;.vc_custom_1627831367629{background-image: url(https:\/\/voltomprojects.com\/wp-content\/uploads\/2021\/08\/servicios.jpg?id=8183) !important;background-position: center !important;background-repeat: no-repeat !important;background-size: cover !important;}&#8220;][vc_column][\/vc_column][\/vc_row][\/vc_section][vc_section][vc_row equal_height=&#8220;yes&#8220;][vc_column width=&#8220;1\/2&#8243;][\/vc_column][vc_column width=&#8220;1\/2&#8243;][vc_column_text]Wir f\u00fchren Neubauprojekte durch, von der ersten Idee bis zur detaillierten Planung jedes einzelnen Raums, der Ausarbeitung von Basis- und Ausf\u00fchrungsprojekten sowie der Leitung und Kontrolle der Ausf\u00fchrung der Arbeiten.\u00a0 Wir arbeiten direkt mit dem Kunden zusammen. Wir geben Ihren [&hellip;]<\/p>\n","protected":false},"author":1,"featured_media":0,"parent":0,"menu_order":0,"comment_status":"closed","ping_status":"closed","template":"","meta":{"footnotes":""},"class_list":["post-9543","page","type-page","status-publish","hentry"],"_links":{"self":[{"href":"https:\/\/www.voltomprojects.com\/de\/wp-json\/wp\/v2\/pages\/9543","targetHints":{"allow":["GET"]}}],"collection":[{"href":"https:\/\/www.voltomprojects.com\/de\/wp-json\/wp\/v2\/pages"}],"about":[{"href":"https:\/\/www.voltomprojects.com\/de\/wp-json\/wp\/v2\/types\/page"}],"author":[{"embeddable":true,"href":"https:\/\/www.voltomprojects.com\/de\/wp-json\/wp\/v2\/users\/1"}],"replies":[{"embeddable":true,"href":"https:\/\/www.voltomprojects.com\/de\/wp-json\/wp\/v2\/comments?post=9543"}],"version-history":[{"count":0,"href":"https:\/\/www.voltomprojects.com\/de\/wp-json\/wp\/v2\/pages\/9543\/revisions"}],"wp:attachment":[{"href":"https:\/\/www.voltomprojects.com\/de\/wp-json\/wp\/v2\/media?parent=9543"}],"curies":[{"name":"wp","href":"https:\/\/api.w.org\/{rel}","templated":true}]}}